{"id":2309,"date":"2022-06-10T07:36:28","date_gmt":"2022-06-10T07:36:28","guid":{"rendered":"https:\/\/learn.schooladapt.eu\/home\/"},"modified":"2023-02-17T10:32:04","modified_gmt":"2023-02-17T10:32:04","slug":"home","status":"publish","type":"page","link":"https:\/\/learn.schooladapt.eu\/pl\/","title":{"rendered":"Home"},"content":{"rendered":"\t\t<div data-elementor-type=\"wp-page\" data-elementor-id=\"2309\" class=\"elementor elementor-2309 elementor-132\" data-elementor-post-type=\"page\">\n\t\t\t\t\t\t<section class=\"elementor-section elementor-top-section elementor-element elementor-element-c1a4cf8 elementor-section-boxed elementor-section-height-default elementor-section-height-default\" data-id=\"c1a4cf8\" data-element_type=\"section\">\n\t\t\t\t\t\t<div class=\"elementor-container elementor-column-gap-default\">\n\t\t\t\t\t<div class=\"elementor-column elementor-col-100 elementor-top-column elementor-element elementor-element-392658f\" data-id=\"392658f\" data-element_type=\"column\">\n\t\t\t<div class=\"elementor-widget-wrap elementor-element-populated\">\n\t\t\t\t\t\t<div class=\"elementor-element elementor-element-d79aef4 elementor-align-center elementor-widget elementor-widget-lottie\" data-id=\"d79aef4\" data-element_type=\"widget\" data-settings=\"{&quot;source&quot;:&quot;external_url&quot;,&quot;source_external_url&quot;:{&quot;url&quot;:&quot;https:\\\/\\\/assets10.lottiefiles.com\\\/packages\\\/lf20_ksplnuf4.json&quot;,&quot;is_external&quot;:&quot;&quot;,&quot;nofollow&quot;:&quot;&quot;,&quot;custom_attributes&quot;:&quot;&quot;},&quot;loop&quot;:&quot;yes&quot;,&quot;link_to&quot;:&quot;none&quot;,&quot;trigger&quot;:&quot;arriving_to_viewport&quot;,&quot;viewport&quot;:{&quot;unit&quot;:&quot;%&quot;,&quot;size&quot;:&quot;&quot;,&quot;sizes&quot;:{&quot;start&quot;:0,&quot;end&quot;:100}},&quot;play_speed&quot;:{&quot;unit&quot;:&quot;px&quot;,&quot;size&quot;:1,&quot;sizes&quot;:[]},&quot;start_point&quot;:{&quot;unit&quot;:&quot;%&quot;,&quot;size&quot;:0,&quot;sizes&quot;:[]},&quot;end_point&quot;:{&quot;unit&quot;:&quot;%&quot;,&quot;size&quot;:100,&quot;sizes&quot;:[]},&quot;renderer&quot;:&quot;svg&quot;}\" data-widget_type=\"lottie.default\">\n\t\t\t\t<div class=\"elementor-widget-container\">\n\t\t\t<div class=\"e-lottie__container\"><div class=\"e-lottie__animation\"><\/div><\/div>\t\t<\/div>\n\t\t\t\t<\/div>\n\t\t\t\t<section class=\"elementor-section elementor-inner-section elementor-element elementor-element-6df5fe5 elementor-section-boxed elementor-section-height-default elementor-section-height-default\" data-id=\"6df5fe5\" data-element_type=\"section\">\n\t\t\t\t\t\t<div class=\"elementor-container elementor-column-gap-default\">\n\t\t\t\t\t<div class=\"elementor-column elementor-col-33 elementor-inner-column elementor-element elementor-element-df6624c\" data-id=\"df6624c\" data-element_type=\"column\">\n\t\t\t<div class=\"elementor-widget-wrap\">\n\t\t\t\t\t\t\t<\/div>\n\t\t<\/div>\n\t\t\t\t<div class=\"elementor-column elementor-col-33 elementor-inner-column elementor-element elementor-element-3c3fce8\" data-id=\"3c3fce8\" data-element_type=\"column\">\n\t\t\t<div class=\"elementor-widget-wrap elementor-element-populated\">\n\t\t\t\t\t\t<div class=\"elementor-element elementor-element-8438827 elementor-widget elementor-widget-text-editor\" data-id=\"8438827\" data-element_type=\"widget\" data-widget_type=\"text-editor.default\">\n\t\t\t\t<div class=\"elementor-widget-container\">\n\t\t\t\t\t\t\t<p><div id=\"ld-course-list-content-b249b081f2888455056e5168617ae053\" class=\"ld-course-list-content\" data-shortcode-atts=\"{&quot;col&quot;:&quot;1&quot;}\">\n\t\t\t<div class=\"ld-course-list-items row\">\n\t<!-- LearnDash Course Grid v1 --><div class=\"ld_course_grid col-sm-12 col-md-12 \">\n\t<article id=\"post-2026\" class=\" thumbnail course post-2026 sfwd-courses type-sfwd-courses status-publish has-post-thumbnail hentry\">\n\t\t\t\t\t\t\t\t<div class=\"ribbon\">\n\t\t\t\tZa darmo\t\t\t<\/div>\n\t\t\t\n\t\t\t\t\t\t<a href=\"https:\/\/learn.schooladapt.eu\/pl\/courses\/zmieniajace-sie-perspektywy-kurs-e-learningowy-dla-nauczycieli\/\" rel=\"bookmark\">\n\t\t\t\t<img decoding=\"async\" width=\"300\" height=\"158\" src=\"https:\/\/learn.schooladapt.eu\/wp-content\/uploads\/2022\/06\/featured-300x158.png\" class=\"attachment-medium size-medium wp-post-image\" alt=\"\" srcset=\"https:\/\/learn.schooladapt.eu\/wp-content\/uploads\/2022\/06\/featured-300x158.png 300w, https:\/\/learn.schooladapt.eu\/wp-content\/uploads\/2022\/06\/featured-1024x538.png 1024w, https:\/\/learn.schooladapt.eu\/wp-content\/uploads\/2022\/06\/featured-768x403.png 768w, https:\/\/learn.schooladapt.eu\/wp-content\/uploads\/2022\/06\/featured.png 1200w\" sizes=\"(max-width: 300px) 100vw, 300px\" \/>\t\t\t<\/a>\n\t\t\t\t\t\n\t\t\t\t\t<div class=\"caption\">\n\t\t\t\t<h3 class=\"entry-title\">ZMIENIAJ\u0104CE SI\u0118 PERSPEKTYWY \u2013 PLATFORMA E-LEARNINGOWA DLA NAUCZYCIELI<\/h3>\n\t\t\t\t\t\t\t\t<div class=\"entry-content\"><p>Kurs dla nauczycieli \u2013 wspieranie w procesie integracji szkolnej uczni\u00f3w powracaj\u0105cych lub przybywaj\u0105cych z zagranicy. Seria kr\u00f3tkich szkole\u0144 obejmuj\u0105cych tematyk\u0119 edukacji mi\u0119dzykulturowej w jej wsp\u00f3\u0142czesnym znaczeniu.<\/p>\n<\/div>\n\t\t\t\t\t\t\t\t<div class=\"ld_course_grid_button\"><a class=\"btn btn-primary\" role=\"button\" href=\"https:\/\/learn.schooladapt.eu\/pl\/courses\/zmieniajace-sie-perspektywy-kurs-e-learningowy-dla-nauczycieli\/\" rel=\"bookmark\">Zapisz si\u0119<\/a><\/div>\n\t\t\t\t\t\t\t<\/div><!-- .entry-header -->\n\t\t\t<\/article><!-- #post-## -->\n<\/div><!-- .ld_course_grid -->\n\t<\/div>\n\t\t\t<\/div>\n\t\t<\/p>\n\t\t\t\t\t\t<\/div>\n\t\t\t\t<\/div>\n\t\t\t\t\t<\/div>\n\t\t<\/div>\n\t\t\t\t<div class=\"elementor-column elementor-col-33 elementor-inner-column elementor-element elementor-element-802ff60\" data-id=\"802ff60\" data-element_type=\"column\">\n\t\t\t<div class=\"elementor-widget-wrap\">\n\t\t\t\t\t\t\t<\/div>\n\t\t<\/div>\n\t\t\t\t\t<\/div>\n\t\t<\/section>\n\t\t\t\t\t<\/div>\n\t\t<\/div>\n\t\t\t\t\t<\/div>\n\t\t<\/section>\n\t\t\t\t<\/div>\n\t\t","protected":false},"excerpt":{"rendered":"","protected":false},"author":2,"featured_media":0,"parent":0,"menu_order":0,"comment_status":"closed","ping_status":"closed","template":"","meta":{"footnotes":""},"class_list":["post-2309","page","type-page","status-publish","hentry"],"_links":{"self":[{"href":"https:\/\/learn.schooladapt.eu\/pl\/wp-json\/wp\/v2\/pages\/2309","targetHints":{"allow":["GET"]}}],"collection":[{"href":"https:\/\/learn.schooladapt.eu\/pl\/wp-json\/wp\/v2\/pages"}],"about":[{"href":"https:\/\/learn.schooladapt.eu\/pl\/wp-json\/wp\/v2\/types\/page"}],"author":[{"embeddable":true,"href":"https:\/\/learn.schooladapt.eu\/pl\/wp-json\/wp\/v2\/users\/2"}],"replies":[{"embeddable":true,"href":"https:\/\/learn.schooladapt.eu\/pl\/wp-json\/wp\/v2\/comments?post=2309"}],"version-history":[{"count":1,"href":"https:\/\/learn.schooladapt.eu\/pl\/wp-json\/wp\/v2\/pages\/2309\/revisions"}],"predecessor-version":[{"id":2310,"href":"https:\/\/learn.schooladapt.eu\/pl\/wp-json\/wp\/v2\/pages\/2309\/revisions\/2310"}],"wp:attachment":[{"href":"https:\/\/learn.schooladapt.eu\/pl\/wp-json\/wp\/v2\/media?parent=2309"}],"curies":[{"name":"wp","href":"https:\/\/api.w.org\/{rel}","templated":true}]}}